{"id":1130,"date":"2016-01-20T09:24:44","date_gmt":"2016-01-20T09:24:44","guid":{"rendered":"http:\/\/thonissen.nl\/?page_id=1130"},"modified":"2016-02-28T14:59:26","modified_gmt":"2016-02-28T14:59:26","slug":"instrumenten","status":"publish","type":"page","link":"https:\/\/arrangementenwaaier.nl\/?page_id=1130","title":{"rendered":"Leefzorgplan"},"content":{"rendered":"<div class=\"vc_row wpb_row vc_row-fluid\"><div class=\"wpb_column vc_column_container vc_col-sm-8\"><div class=\"wpb_wrapper\">\n\t<div class=\"wpb_text_column wpb_content_element \">\n\t\t<div class=\"wpb_wrapper\">\n\t\t\t<p style=\"font-size: 21px; font-weight: bold;\"><span style=\"color: #642382;\">Leefzorgplan<\/span><\/p>\n<p>Het Leefzorgplan is het instrument dat medewerkers van de toegang gebruiken om een gestructureerde brede vraagverheldering te doen en samen met de burger tot een integraal ondersteuningsarrangement te komen.<\/p>\n<p>Het Leefzorgplan heeft de volgende functies<\/p>\n<ul>\n<li>Functie voor arrangeurs (sociaal wijkteam en andere medewerkers toegang)\n<ul>\n<li>Hulpmiddel voor arrangeren.<\/li>\n<li>Houvast bij toepassen kantelingsmethodiek.<\/li>\n<li>Dossiervorming cli\u00ebnt t.b.v. samenstellen arrangement.<\/li>\n<li>Beleidsinformatie voor wijkteam\/toegang.<\/li>\n<li>Hulpmiddel bij inhoudelijke ontwikkeling.<\/li>\n<\/ul>\n<\/li>\n<li>Functie voor gemeente\n<ul>\n<li>Hulpmiddel voor afhandeling maatwerkvoorzieningen (besluit naar cli\u00ebnt en opdracht naar aanbieder).<\/li>\n<li>Monitoring toegang.<\/li>\n<li>Generen beleidsinformatie.<\/li>\n<\/ul>\n<\/li>\n<\/ul>\n<p><strong><span style=\"color: #99cc00;\">Invalshoeken<\/span><\/strong><\/p>\n<p>Om aan beide functies tegemoet te komen is het Leefzorgplan uit twee invalshoeken opgebouwd:<\/p>\n<ul>\n<li>Tekst. Als arrangeur heb je een (keukentafel)gesprek met de burger en leg je ook afspraken vast in tekst. Dit is maatwerk per persoon. De tekstuele vertaling vormt het individueel ondersteuningsarrangement van de burger.<\/li>\n<li>Scores. Het betreft een cijfermatige vertaling van hetgeen in tekst is vastgelegd. Deze scores worden niet gebruikt voor een individuele beoordeling van de vraag van de cli\u00ebnt, maar zijn bedoeld voor het genereren van monitorings- en analysegegevens van alle cli\u00ebnten bij elkaar, zodat een beeld ontstaat b.v. op wijkniveau van de cli\u00ebntgroepen.<img loading=\"lazy\" decoding=\"async\" class=\"alignnone wp-image-1406 size-full\" src=\"http:\/\/arrangementenwaaier.nl\/wp-content\/uploads\/2016\/02\/ESAM-scores.jpg\" alt=\"ESAM-scores\" width=\"1526\" height=\"565\" srcset=\"https:\/\/arrangementenwaaier.nl\/wp-content\/uploads\/2016\/02\/ESAM-scores.jpg 1526w, https:\/\/arrangementenwaaier.nl\/wp-content\/uploads\/2016\/02\/ESAM-scores-300x111.jpg 300w, https:\/\/arrangementenwaaier.nl\/wp-content\/uploads\/2016\/02\/ESAM-scores-768x284.jpg 768w, https:\/\/arrangementenwaaier.nl\/wp-content\/uploads\/2016\/02\/ESAM-scores-1024x379.jpg 1024w\" sizes=\"auto, (max-width: 1526px) 100vw, 1526px\" \/><\/li>\n<\/ul>\n<p><strong><span style=\"color: #99cc00;\">Onderwerpen<\/span><\/strong><\/p>\n<p>Het Leefzorgplan is gebaseerd op de arrangementenwaaier en omvat de volgende onderwerpen<\/p>\n<ul>\n<li>Clientkenmerken<\/li>\n<li>Gegevens met betrekking tot sociaal netwerk.<\/li>\n<li>Beschrijving en beoordeling huidige ondersteuning<\/li>\n<li>Beschrijving\u00a0zelfredzaamheid en scores met behulp van de Zelfredzaamheidsmatrix.<\/li>\n<li>Doel arrangement\/interventie<\/li>\n<li>Aard en omvang nieuw ondersteuningsarrangement.<\/li>\n<li>Mate van kanteling door middel van de ESAM-score (oplossing in <strong>E<\/strong>igen kracht, <strong>S<\/strong>ociaal Netwerk, <strong>A<\/strong>lgemene Voorziening of <strong>M<\/strong>aatwerkvoorziening).<\/li>\n<\/ul>\n\n\t\t<\/div>\n\t<\/div>\n<\/div><\/div><div class=\"wpb_column vc_column_container vc_col-sm-4\"><div class=\"wpb_wrapper\">\n\t<div class=\"wpb_widgetised_column wpb_content_element\">\n\t\t<div class=\"wpb_wrapper\">\n\t\t\t\n\t\t\t<aside id=\"text-11\" class=\"widget widget_text\">\t\t\t<div class=\"textwidget\"><p style=\"font-size: 17px; font-weight: bold;\"><span style=\"color: #642382;\">Nieuws<\/span><\/p>\r\n<hr>\r\n<h4 class=\"news-title\"><a href=\"http:\/\/thonissen.nl\/dashboard-maatwerkvoorzieningen-sociaal-domein\/\">Dashboard Maatwerkvoorzieningen Sociaal Domein<\/a><\/h4>\r\nVoor alle gemeenten in Noord-Limburg heb ik een Dashboard ontwikkeld, waarin de aantallen en kosten van de maatwerkvoorzieningen in het \u2026 <a href=\"http:\/\/thonissen.nl\/nieuws\/\">Lees meer.<\/a><\/div>\n\t\t<\/aside><aside id=\"text-12\" class=\"widget widget_text\">\t\t\t<div class=\"textwidget\"><p style=\"font-size: 17px; font-weight: bold;\"><span style=\"color: #642382;\">Referenties<\/span><\/p>\r\n<hr>\r\nDe Arrangementenwaaier wordt voor verschillende toepassingen gebruik door beleidsmakers en medewerkers in de uitvoering.<a href=\"http:\/\/arrangementenwaaier.nl\/?page_id=1052\">Lees meer.<\/a><\/div>\n\t\t<\/aside><aside id=\"text-13\" class=\"widget widget_text\">\t\t\t<div class=\"textwidget\"><p style=\"font-size: 17px; font-weight: bold;\"><span style=\"color: #642382;\">Bekijk ook:<\/span><\/p>\r\n<hr>\r\n<a href=\"http:\/\/www.arrangementenmonitor.nl\" target=\"_blank\"><img decoding=\"async\" src=\"http:\/\/thonissen.nl\/wp-content\/uploads\/2016\/01\/ARRA_logo_monitor.jpg\" alt=\"http:\/\/www.arrangementenmonitor.nl\" style=\"width:150px;height: 35px;\"><\/a><\/div>\n\t\t<\/aside><aside id=\"text-10\" class=\"widget widget_text\">\t\t\t<div class=\"textwidget\"><a href=\"http:\/\/www.thonissen.nl\" target=\"_blank\"><img decoding=\"async\" src=\"http:\/\/arrangementenwaaier.nl\/wp-content\/uploads\/2016\/01\/ARRA_logo_Thonissen.jpg\" alt=\"http:\/\/www.thonissen.nl\" style=\"width:150px;height: 35px;\"><\/a><\/div>\n\t\t<\/aside>\n\t\t<\/div>\n\t<\/div>\n<\/div><\/div><\/div>\n","protected":false},"excerpt":{"rendered":"Leefzorgplan Het Leefzorgplan is het instrument dat medewerkers van de toegang gebruiken om een gestructureerde brede vraagverheldering te doen en samen met de burger tot een integraal ondersteuningsarrangement te komen. Het Leefzorgplan heeft de volgende functies Functie voor arrangeurs (sociaal wijkteam en andere medewerkers toegang) Hulpmiddel voor arrangeren. Houvast bij toepassen kantelingsmethodiek. Dossiervorming cli\u00ebnt t.b.v. &hellip; <a href=\"https:\/\/arrangementenwaaier.nl\/?page_id=1130\" class=\"readmore\">Continue reading <span class=\"screen-reader-text\">Leefzorgplan<\/span> &rarr;<\/a>","protected":false},"author":1,"featured_media":0,"parent":0,"menu_order":0,"comment_status":"closed","ping_status":"closed","template":"template-fullwidth.php","meta":{"footnotes":""},"class_list":["post-1130","page","type-page","status-publish","hentry"],"_links":{"self":[{"href":"https:\/\/arrangementenwaaier.nl\/index.php?rest_route=\/wp\/v2\/pages\/1130","targetHints":{"allow":["GET"]}}],"collection":[{"href":"https:\/\/arrangementenwaaier.nl\/index.php?rest_route=\/wp\/v2\/pages"}],"about":[{"href":"https:\/\/arrangementenwaaier.nl\/index.php?rest_route=\/wp\/v2\/types\/page"}],"author":[{"embeddable":true,"href":"https:\/\/arrangementenwaaier.nl\/index.php?rest_route=\/wp\/v2\/users\/1"}],"replies":[{"embeddable":true,"href":"https:\/\/arrangementenwaaier.nl\/index.php?rest_route=%2Fwp%2Fv2%2Fcomments&post=1130"}],"version-history":[{"count":4,"href":"https:\/\/arrangementenwaaier.nl\/index.php?rest_route=\/wp\/v2\/pages\/1130\/revisions"}],"predecessor-version":[{"id":1408,"href":"https:\/\/arrangementenwaaier.nl\/index.php?rest_route=\/wp\/v2\/pages\/1130\/revisions\/1408"}],"wp:attachment":[{"href":"https:\/\/arrangementenwaaier.nl\/index.php?rest_route=%2Fwp%2Fv2%2Fmedia&parent=1130"}],"curies":[{"name":"wp","href":"https:\/\/api.w.org\/{rel}","templated":true}]}}